{"id":1103,"date":"2021-05-06T02:43:13","date_gmt":"2021-05-06T02:43:13","guid":{"rendered":"https:\/\/redstarvn.com\/?post_type=product&#038;p=1103"},"modified":"2024-07-02T23:56:26","modified_gmt":"2024-07-02T23:56:26","slug":"thanh-nep-goc-carton","status":"publish","type":"product","link":"https:\/\/redstarvn.com\/vn\/thanh-nep-goc-carton\/","title":{"rendered":"Thanh n\u1eb9p g\u00f3c carton"},"content":{"rendered":"<p><span style=\"color: #000000;\"><strong>1. N\u1eb9p g\u00f3c &#8211; V\u00e1ch ng\u0103n carton l\u00e0 g\u00ec ?<\/strong><\/span><\/p>\n<p><img loading=\"lazy\" class=\"size-full wp-image-1105 aligncenter\" src=\"https:\/\/redstarvn.com\/vn\/wp-content\/uploads\/2021\/05\/2.jpg\" alt=\"\" width=\"800\" height=\"600\" srcset=\"https:\/\/redstarvn.com\/vn\/wp-content\/uploads\/2021\/05\/2.jpg 800w, https:\/\/redstarvn.com\/vn\/wp-content\/uploads\/2021\/05\/2-533x400.jpg 533w, https:\/\/redstarvn.com\/vn\/wp-content\/uploads\/2021\/05\/2-768x576.jpg 768w, https:\/\/redstarvn.com\/vn\/wp-content\/uploads\/2021\/05\/2-300x225.jpg 300w, https:\/\/redstarvn.com\/vn\/wp-content\/uploads\/2021\/05\/2-600x450.jpg 600w\" sizes=\"(max-width: 800px) 100vw, 800px\" \/><\/p>\n<p><span style=\"color: #000000;\">L\u00e0 c\u00e1c thanh n\u1eb9p, t\u1ea1o g\u00f3c 90 \u0111\u1ed9 d\u00f9ng \u0111\u1ec3 b\u1ea3o v\u1ec7 c\u00e1c c\u1ea1nh, g\u00f3c v\u00e0 gia c\u1ed1 cho s\u1ea3n ph\u1ea9m. \u0110\u00e2y l\u00e0 s\u1ea3n ph\u1ea9m ph\u1ed5 bi\u1ebfn tr\u00ean th\u1ecb tr\u01b0\u1eddng v\u00e0 c\u00f3 r\u1ea5t nhi\u1ec1u b\u00ean s\u1eed d\u1ee5ng.<\/span><br \/>\n<span style=\"color: #000000;\">Thanh n\u1eb9p g\u00f3c gi\u1ea5y \u0111\u01b0\u1ee3c l\u00e0m t\u1eeb nhi\u1ec1u l\u1edbp gi\u1ea5y, b\u1ed3i l\u1ea1i v\u1edbi nhau c\u00f3 \u0111\u1ed9 d\u00e0y t\u1eeb 3mm &#8211; 7mm r\u1ea5t c\u1ee9ng.<\/span><\/p>\n<p><span style=\"color: #000000;\"><strong>2. \u200b\u01afu \u0111i\u1ec3m c\u1ee7a thanh n\u1eb9p gi\u1ea5y<\/strong><\/span><\/p>\n<p><span style=\"color: #000000;\">Thanh n\u1eb9p gi\u1ea5y l\u00e0 m\u1ed9t c\u00f4ng c\u1ee5 d\u00f9ng \u0111\u1ec3 n\u1eb9p c\u1ea1nh, n\u1eb9p g\u00f3c c\u00e1c s\u1ea3n ph\u1ea9m v\u00e0 \u0111\u01b0\u1ee3c s\u1eed d\u1ee5ng ph\u1ed5 bi\u1ebfn trong c\u00e1c ng\u00e0nh \u0111\u00f3ng g\u00f3i, xu\u1ea5t kh\u1ea9u h\u00e0ng h\u00f3a. <\/span><br \/>\n<span style=\"color: #000000;\">Ch\u00fang k\u1ebft h\u1ee3p v\u1edbi Pallet gi\u1ea5y, gi\u1ea5y t\u1ed5 ong, n\u1eb9p g\u00f3c h\u1ed7 tr\u1ee3 cho th\u00f9ng carton r\u1ea5t ch\u1eafc ch\u1eafn. thanh n\u1eb9p gi\u1ea5y mang l\u1ea1i s\u1ef1 an to\u00e0n cho c\u00e1c s\u1ea3n ph\u1ea9m trong qu\u00e1 tr\u00ecnh v\u1eadn chuy\u1ec3n. <\/span><br \/>\n<span style=\"color: #000000;\">S\u1ea3n ph\u1ea9m \u0111\u01b0\u1ee3c r\u1ea5t nhi\u1ec1u doanh nghi\u1ec7p \u01b0u ti\u00ean s\u1eed d\u1ee5ng \u0111\u1ec3 thay th\u1ebf cho c\u00e1c lo\u1ea1i thanh n\u1eb9p kh\u00e1c.<\/span><\/p>\n<p><span style=\"color: #000000;\"><strong>3. Th\u00f4ng s\u1ed1 k\u1ef9 thu\u1eadt:<\/strong><\/span><\/p>\n<p><span style=\"color: #000000;\">C\u00f3 h\u00ecnh g\u00f3c ch\u1eef V ho\u1eb7c G\u00f3c 90 \u0111\u1ed9.<\/span><br \/>\n<span style=\"color: #000000;\">A= Theo y\u00eau c\u1ea7u c\u1ee7a kh\u00e1ch h\u00e0ng<\/span><\/p>\n<p><span style=\"color: #000000;\">C =20-100mm (B\u1ec1 r\u1ed9ng c\u1ee7a thanh n\u1eb9p g\u00f3c)<\/span><\/p>\n<p><span style=\"color: #000000;\">B =20-100mm (B\u1ec1 r\u1ed9ng c\u1ee7a thanh n\u1eb9p g\u00f3c)<\/span><\/p>\n<p><span style=\"color: #000000;\">D= 1-10mm (\u0110\u1ed9 d\u00e0y c\u1ee7a thanh n\u1eb9p g\u00f3c)<\/span><\/p>\n<p><span style=\"color: #000000;\"><strong>M\u00e0u s\u1eafc: Theo y\u00eau c\u1ea7u c\u1ee7a kh\u00e1ch h\u00e0ng ho\u1eb7c \u0111\u1ec3 m\u1ed9c<\/strong><\/span><\/p>\n<p><span style=\"color: #000000;\"><strong>4. \u200b\u1ee8ng d\u1ee5ng n\u1eb9p g\u00f3c carton:<\/strong><\/span><\/p>\n<p><span style=\"color: #000000;\">\u2013 B\u1ea3o v\u1ec7 h\u00e0ng h\u00f3a t\u1ed1t h\u01a1n.<\/span><br \/>\n<span style=\"color: #000000;\">\u2013 B\u1ea3o v\u1ec7 c\u00e1c g\u00f3c ki\u1ec7n h\u00e0ng Tr\u00e1nh tr\u1ea7y x\u01b0\u1edbc, s\u1ee5p \u0111\u1ed5 khi \u0111ai n\u1eb9p.<\/span><br \/>\n<span style=\"color: #000000;\">\u2013 An to\u00e0n cho s\u1ea3n ph\u1ea9m trong qu\u00e1 tr\u00ecnh b\u1ea3o qu\u1ea3n c\u0169ng nh\u01b0 xu\u1ea5t kh\u1ea9u s\u1ea3n ph\u1ea9m .<\/span><br \/>\n<span style=\"color: #000000;\">\u2013 Th\u00edch h\u1ee3p khi \u0111\u00f3ng g\u00f3i c\u00e1c m\u1eb7t h\u00e0ng xu\u1ea5t kh\u1ea9u: Linh ki\u1ec7n \u0111i\u1ec7n t\u1eed, g\u1ed1m s\u1ee9, M\u1ef9 ngh\u1ec7, \u0111\u1ed3 g\u1ed7 n\u1ed9i th\u1ea5t, trang tr\u00ed\u2026.<\/span><\/p>\n<p><span style=\"color: #000000;\"><strong>5. Li\u00ean h\u1ec7<\/strong><\/span><\/p>\n<h4><strong><span style=\"color: #000000;\">C\u00d4NG TY TNHH C\u00d4NG NGHI\u1ec6P SAO \u0110\u1ece VI\u1ec6T NAM<\/span><\/strong><\/h4>\n<p><span style=\"color: #000000;\">\u0110\u1ecba ch\u1ec9: \u0110\u01b0\u1eddng D2 &#8211; Khu D &#8211; Khu c\u00f4ng nghi\u1ec7p Ph\u1ed1 N\u1ed1i A &#8211; X\u00e3 L\u1ea1c H\u1ed3ng &#8211; Huy\u1ec7n V\u0103n L\u00e2m &#8211; H\u01b0ng Y\u00ean<\/span><\/p>\n<p><span style=\"color: #000000;\">\u0110i\u1ec7n tho\u1ea1i: <span style=\"color: #ff0000;\"><strong>093 6464 222<\/strong><\/span><\/span><\/p>\n<p><span style=\"color: #000000;\">Email: info@redstarvn.com\/vn<\/span><\/p>\n<p><span style=\"color: #000000;\">Website: redstarvn.com\/vn<\/span><\/p>\n","protected":false},"excerpt":{"rendered":"<p><span style=\"color: #000000;\"><strong>T\u00ean s\u1ea3n ph\u1ea9m:<\/strong>\u00a0<strong>Thanh n\u1eb9p g\u00f3c gi\u1ea5y<\/strong><\/span><\/p>\n<p><span style=\"color: #000000;\"><strong>Nguy\u00ean li\u1ec7u:<\/strong>\u00a0Gi\u1ea5y Cardboard, Gi\u1ea5y Kraft<\/span><\/p>\n<p><span style=\"color: #000000;\"><strong>M\u00e0u s\u1eafc:\u00a0<\/strong>N\u00e2u, v\u00e0ng n\u00e2u, n\u00e2u s\u00e1ng, tr\u1eafng, ho\u1eb7c theo y\u00eau c\u1ea7u c\u1ee7a kh\u00e1ch h\u00e0ng<\/span><\/p>\n<p><span style=\"color: #000000;\"><strong>K\u00edch th\u01b0\u1edbc:<\/strong>\u00a0 Theo k\u00edch th\u01b0\u1edbc t\u00eau chu\u1ea9n ho\u1eb7c theo y\u00eau c\u1ea7u c\u1ee7a kh\u00e1ch h\u00e0ng<\/span><\/p>\n<p><span style=\"color: #000000;\"><strong>\u0110\u1ed9 d\u1ea7y:<\/strong>\u00a0T\u1eeb 1mm \u0111\u1ebfn 8mm ho\u1eb7c theo y\u00eau c\u1ea7u c\u1ee7a kh\u00e1ch h\u00e0ng<\/span><\/p>\n<p><span style=\"color: #000000;\"><strong>Length:<\/strong>\u00a0Ti\u00eau chu\u1ea9n l\u00e0 1 m\u00e9t ho\u1eb7c theo y\u00eau c\u1ea7u<\/span><\/p>\n","protected":false},"featured_media":1104,"comment_status":"open","ping_status":"closed","template":"","meta":[],"yoast_head":"<!-- This site is optimized with the Yoast SEO plugin v16.3 - https:\/\/yoast.com\/wordpress\/plugins\/seo\/ -->\n<title>Thanh n\u1eb9p g\u00f3c carton - RED STARVN<\/title>\n<meta name=\"robots\" content=\"index, follow, max-snippet:-1, max-image-preview:large, max-video-preview:-1\" \/>\n<link rel=\"canonical\" href=\"https:\/\/redstarvn.com\/vn\/thanh-nep-goc-carton\/\" \/>\n<meta property=\"og:locale\" content=\"vi_VN\" \/>\n<meta property=\"og:type\" content=\"article\" \/>\n<meta property=\"og:title\" content=\"Thanh n\u1eb9p g\u00f3c carton - RED STARVN\" \/>\n<meta property=\"og:description\" content=\"T\u00ean s\u1ea3n ph\u1ea9m:\u00a0Thanh n\u1eb9p g\u00f3c gi\u1ea5y  Nguy\u00ean li\u1ec7u:\u00a0Gi\u1ea5y Cardboard, Gi\u1ea5y Kraft  M\u00e0u s\u1eafc:\u00a0N\u00e2u, v\u00e0ng n\u00e2u, n\u00e2u s\u00e1ng, tr\u1eafng, ho\u1eb7c theo y\u00eau c\u1ea7u c\u1ee7a kh\u00e1ch h\u00e0ng  K\u00edch th\u01b0\u1edbc:\u00a0 Theo k\u00edch th\u01b0\u1edbc t\u00eau chu\u1ea9n ho\u1eb7c theo y\u00eau c\u1ea7u c\u1ee7a kh\u00e1ch h\u00e0ng  \u0110\u1ed9 d\u1ea7y:\u00a0T\u1eeb 1mm \u0111\u1ebfn 8mm ho\u1eb7c theo y\u00eau c\u1ea7u c\u1ee7a kh\u00e1ch h\u00e0ng  Length:\u00a0Ti\u00eau chu\u1ea9n l\u00e0 1 m\u00e9t ho\u1eb7c theo y\u00eau c\u1ea7u\" \/>\n<meta property=\"og:url\" content=\"https:\/\/redstarvn.com\/vn\/thanh-nep-goc-carton\/\" \/>\n<meta property=\"og:site_name\" content=\"RED STARVN\" \/>\n<meta property=\"article:modified_time\" content=\"2024-07-02T23:56:26+00:00\" \/>\n<meta property=\"og:image\" content=\"https:\/\/redstarvn.com\/vn\/wp-content\/uploads\/2021\/05\/6.jpg\" \/>\n\t<meta property=\"og:image:width\" content=\"800\" \/>\n\t<meta property=\"og:image:height\" content=\"600\" \/>\n<meta name=\"twitter:card\" content=\"summary_large_image\" \/>\n<meta name=\"twitter:label1\" content=\"\u01af\u1edbc t\u00ednh th\u1eddi gian \u0111\u1ecdc\">\n\t<meta name=\"twitter:data1\" content=\"2 ph\u00fat\">\n<script type=\"application\/ld+json\" class=\"yoast-schema-graph\">{\"@context\":\"https:\/\/schema.org\",\"@graph\":[{\"@type\":\"WebSite\",\"@id\":\"https:\/\/redstarvn.com\/vn\/#website\",\"url\":\"https:\/\/redstarvn.com\/vn\/\",\"name\":\"RED STARVN\",\"description\":\"M\\u1ed9t trang web m\\u1edbi s\\u1eed d\\u1ee5ng WordPress\",\"potentialAction\":[{\"@type\":\"SearchAction\",\"target\":\"https:\/\/redstarvn.com\/vn\/?s={search_term_string}\",\"query-input\":\"required name=search_term_string\"}],\"inLanguage\":\"vi\"},{\"@type\":\"ImageObject\",\"@id\":\"https:\/\/redstarvn.com\/vn\/thanh-nep-goc-carton\/#primaryimage\",\"inLanguage\":\"vi\",\"url\":\"https:\/\/redstarvn.com\/vn\/wp-content\/uploads\/2021\/05\/6.jpg\",\"contentUrl\":\"https:\/\/redstarvn.com\/vn\/wp-content\/uploads\/2021\/05\/6.jpg\",\"width\":800,\"height\":600},{\"@type\":\"WebPage\",\"@id\":\"https:\/\/redstarvn.com\/vn\/thanh-nep-goc-carton\/#webpage\",\"url\":\"https:\/\/redstarvn.com\/vn\/thanh-nep-goc-carton\/\",\"name\":\"Thanh n\\u1eb9p g\\u00f3c carton - RED STARVN\",\"isPartOf\":{\"@id\":\"https:\/\/redstarvn.com\/vn\/#website\"},\"primaryImageOfPage\":{\"@id\":\"https:\/\/redstarvn.com\/vn\/thanh-nep-goc-carton\/#primaryimage\"},\"datePublished\":\"2021-05-06T02:43:13+00:00\",\"dateModified\":\"2024-07-02T23:56:26+00:00\",\"breadcrumb\":{\"@id\":\"https:\/\/redstarvn.com\/vn\/thanh-nep-goc-carton\/#breadcrumb\"},\"inLanguage\":\"vi\",\"potentialAction\":[{\"@type\":\"ReadAction\",\"target\":[\"https:\/\/redstarvn.com\/vn\/thanh-nep-goc-carton\/\"]}]},{\"@type\":\"BreadcrumbList\",\"@id\":\"https:\/\/redstarvn.com\/vn\/thanh-nep-goc-carton\/#breadcrumb\",\"itemListElement\":[{\"@type\":\"ListItem\",\"position\":1,\"item\":{\"@type\":\"WebPage\",\"@id\":\"https:\/\/redstarvn.com\/vn\/\",\"url\":\"https:\/\/redstarvn.com\/vn\/\",\"name\":\"Trang ch\\u1ee7\"}},{\"@type\":\"ListItem\",\"position\":2,\"item\":{\"@type\":\"WebPage\",\"@id\":\"https:\/\/redstarvn.com\/vn\/shop\/\",\"url\":\"https:\/\/redstarvn.com\/vn\/shop\/\",\"name\":\"Shop\"}},{\"@type\":\"ListItem\",\"position\":3,\"item\":{\"@id\":\"https:\/\/redstarvn.com\/vn\/thanh-nep-goc-carton\/#webpage\"}}]}]}<\/script>\n<!-- \/ Yoast SEO plugin. -->","_links":{"self":[{"href":"https:\/\/redstarvn.com\/vn\/wp-json\/wp\/v2\/product\/1103"}],"collection":[{"href":"https:\/\/redstarvn.com\/vn\/wp-json\/wp\/v2\/product"}],"about":[{"href":"https:\/\/redstarvn.com\/vn\/wp-json\/wp\/v2\/types\/product"}],"replies":[{"embeddable":true,"href":"https:\/\/redstarvn.com\/vn\/wp-json\/wp\/v2\/comments?post=1103"}],"wp:featuredmedia":[{"embeddable":true,"href":"https:\/\/redstarvn.com\/vn\/wp-json\/wp\/v2\/media\/1104"}],"wp:attachment":[{"href":"https:\/\/redstarvn.com\/vn\/wp-json\/wp\/v2\/media?parent=1103"}],"curies":[{"name":"wp","href":"https:\/\/api.w.org\/{rel}","templated":true}]}}