{"id":1106,"date":"2021-05-06T02:50:21","date_gmt":"2021-05-06T02:50:21","guid":{"rendered":"https:\/\/redstarvn.com\/?post_type=product&#038;p=1106"},"modified":"2021-05-06T02:52:48","modified_gmt":"2021-05-06T02:52:48","slug":"thanh-nep-goc-giay-sao-do","status":"publish","type":"product","link":"https:\/\/redstarvn.com\/vn\/thanh-nep-goc-giay-sao-do\/","title":{"rendered":"Thanh n\u1eb9p g\u00f3c gi\u1ea5y Sao \u0110\u1ecf"},"content":{"rendered":"<p><strong><span style=\"color: #000000;\">Thanh n\u1eb9p g\u00f3c gi\u1ea5y l\u00e0 g\u00ec?<\/span><\/strong><\/p>\n<p><span style=\"color: #000000;\">Thanh n\u1eb9p g\u00f3c gi\u1ea5y hay c\u00f2n g\u1ecdi l\u00e0 thanh bo g\u00f3c, ke g\u00f3c gi\u1ea5y \u0111\u01b0\u1ee3c l\u00e0m t\u1eeb gi\u1ea5y kraft \u00e9p, d\u1ea1ng thanh v\u00ecnh ch\u1eef V, t\u00e1c d\u1ee5ng \u0111\u1ec3 b\u1ea3o v\u1ec7 h\u00e0ng h\u00f3a x\u1ebfp tr\u00ean pallet kh\u00f4ng b\u1ecb x\u00f4 l\u1ec7ch, c\u1ed1 \u0111\u1ecbnh h\u00e0ng h\u00f3a, kh\u00f4ng b\u1ecb x\u01b0\u1edbc, t\u1ed5n h\u1ea1i trong qu\u00e1 tr\u00ecnh v\u1eadn chuy\u1ec3n v\u00e0 b\u1ea3o qu\u1ea3n h\u00e0ng h\u00f3a.<\/span><\/p>\n<p><img loading=\"lazy\" class=\"size-full wp-image-1108 aligncenter\" src=\"https:\/\/redstarvn.com\/vn\/wp-content\/uploads\/2021\/05\/4.jpg\" alt=\"\" width=\"800\" height=\"600\" srcset=\"https:\/\/redstarvn.com\/vn\/wp-content\/uploads\/2021\/05\/4.jpg 800w, https:\/\/redstarvn.com\/vn\/wp-content\/uploads\/2021\/05\/4-533x400.jpg 533w, https:\/\/redstarvn.com\/vn\/wp-content\/uploads\/2021\/05\/4-768x576.jpg 768w, https:\/\/redstarvn.com\/vn\/wp-content\/uploads\/2021\/05\/4-300x225.jpg 300w, https:\/\/redstarvn.com\/vn\/wp-content\/uploads\/2021\/05\/4-600x450.jpg 600w\" sizes=\"(max-width: 800px) 100vw, 800px\" \/><\/p>\n<p><strong><span style=\"color: #000000;\">C\u1ea5u t\u1ea1o<\/span><\/strong><\/p>\n<p><span style=\"color: #000000;\">Thanh n\u1eb9p g\u00f3c gi\u1ea5y \u0111\u01b0\u1ee3c t\u1ea1o b\u1edfi c\u00e1c l\u1edbp gi\u1ea5y Kraf \u00e9p ch\u1eb7t v\u1edbi nhau.<\/span><\/p>\n<p><strong><span style=\"color: #000000;\">Th\u00f4ng s\u1ed1 k\u1ef9 thu\u1eadt<\/span><\/strong><\/p>\n<p><span style=\"color: #000000;\">Ch\u00fang t\u00f4i s\u1ea3n xu\u1ea5t v\u00e0 cung c\u1ea5p c\u00e1c lo\u1ea1i n\u1eb9p g\u00f3c, ke g\u00f3c gi\u1ea5y theo k\u00edch th\u01b0\u1edbc y\u00eau c\u1ea7u c\u1ee7a kh\u00e1ch h\u00e0ng. Nh\u00e0 m\u00e1y s\u1ea3n xu\u1ea5t v\u1edbi di\u1ec7n t\u00edch 1,000m2 \u0111\u1eb7t t\u1ea1i KCN Ph\u1ed1 N\u1ed1i A v\u1edbi c\u00e1c lo\u1ea1i m\u00e1y m\u00f3c hi\u1ec7n \u0111\u1ea1i, s\u1eb5n s\u00e0ng \u0111\u00e1p \u1ee9ng m\u1ecdi y\u00eau c\u1ea7u c\u1ee7a kh\u00e1ch h\u00e0ng.<\/span><\/p>\n<p><strong><span style=\"color: #000000;\">K\u00cdCH TH\u01af\u1edaC THAM KH\u1ea2O:<\/span><\/strong><\/p>\n<table class=\"table-responsive\" style=\"width: 73.076%; height: 273px;\" border=\"1\">\n<tbody>\n<tr style=\"height: 42px;\">\n<td style=\"height: 42px; width: 8.55513%; text-align: center;\" width=\"42\"><strong><span style=\"color: #000000;\">STT<\/span><\/strong><\/td>\n<td style=\"height: 42px; width: 70.7224%; text-align: center;\" width=\"372\"><strong><span style=\"color: #000000;\">Ti\u00eau chu\u1ea9n s\u1ea3n ph\u1ea9m<\/span><\/strong><\/td>\n<td style=\"height: 42px; width: 33.1402%; text-align: center;\" width=\"96\"><strong><span style=\"color: #000000;\">Tr\u1ecdng l\u01b0\u1ee3ng (gr)<\/span><\/strong><\/td>\n<\/tr>\n<tr style=\"height: 21px;\">\n<td style=\"height: 21px; width: 8.55513%; text-align: center;\" width=\"42\"><span style=\"color: #000000;\">1<\/span><\/td>\n<td style=\"height: 21px; width: 70.7224%; text-align: center;\" width=\"372\"><span style=\"color: #000000;\">V3 : 30x30x3mm(thickness) x 1000mm (length)<\/span><\/td>\n<td style=\"height: 21px; width: 33.1402%; text-align: center;\" width=\"96\"><span style=\"color: #000000;\">130<\/span><\/td>\n<\/tr>\n<tr style=\"height: 21px;\">\n<td style=\"height: 21px; width: 8.55513%; text-align: center;\" width=\"42\"><span style=\"color: #000000;\">2<\/span><\/td>\n<td style=\"height: 21px; width: 70.7224%; text-align: center;\" width=\"372\"><span style=\"color: #000000;\">V3 : 35x35x3mm(thickness) x 1000mm (length)<\/span><\/td>\n<td style=\"height: 21px; width: 33.1402%; text-align: center;\" width=\"96\"><span style=\"color: #000000;\">150<\/span><\/td>\n<\/tr>\n<tr style=\"height: 21px;\">\n<td style=\"height: 21px; width: 8.55513%; text-align: center;\" width=\"42\"><span style=\"color: #000000;\">3<\/span><\/td>\n<td style=\"height: 21px; width: 70.7224%; text-align: center;\" width=\"372\"><span style=\"color: #000000;\">V4 : 40x40x3mm(thickness) x 1000mm (length)<\/span><\/td>\n<td style=\"height: 21px; width: 33.1402%; text-align: center;\" width=\"96\"><span style=\"color: #000000;\">175<\/span><\/td>\n<\/tr>\n<tr style=\"height: 21px;\">\n<td style=\"height: 21px; width: 8.55513%; text-align: center;\" width=\"42\"><span style=\"color: #000000;\">4<\/span><\/td>\n<td style=\"height: 21px; width: 70.7224%; text-align: center;\" width=\"372\"><span style=\"color: #000000;\">V4 : 40x40x4mm(thickness) x 1000mm (length)<\/span><\/td>\n<td style=\"height: 21px; width: 33.1402%; text-align: center;\" width=\"96\"><span style=\"color: #000000;\">235<\/span><\/td>\n<\/tr>\n<tr style=\"height: 21px;\">\n<td style=\"height: 21px; width: 8.55513%; text-align: center;\" width=\"42\"><span style=\"color: #000000;\">5<\/span><\/td>\n<td style=\"height: 21px; width: 70.7224%; text-align: center;\" width=\"372\"><span style=\"color: #000000;\">V5 : 50x50x3mm(thickness) x 1000mm (length)<\/span><\/td>\n<td style=\"height: 21px; width: 33.1402%; text-align: center;\" width=\"96\"><span style=\"color: #000000;\">235<\/span><\/td>\n<\/tr>\n<tr style=\"height: 21px;\">\n<td style=\"height: 21px; width: 8.55513%; text-align: center;\" width=\"42\"><span style=\"color: #000000;\">6<\/span><\/td>\n<td style=\"height: 21px; width: 70.7224%; text-align: center;\" width=\"372\"><span style=\"color: #000000;\">V5 : 50x50x5mm(thickness) x 1000mm (length)<\/span><\/td>\n<td style=\"height: 21px; width: 33.1402%; text-align: center;\" width=\"96\"><span style=\"color: #000000;\">375<\/span><\/td>\n<\/tr>\n<tr style=\"height: 21px;\">\n<td style=\"height: 21px; width: 8.55513%; text-align: center;\" width=\"42\"><span style=\"color: #000000;\">7<\/span><\/td>\n<td style=\"height: 21px; width: 70.7224%; text-align: center;\" width=\"372\"><span style=\"color: #000000;\">V6 : 60x60x5mm(thickness) x 1000mm (length)<\/span><\/td>\n<td style=\"height: 21px; width: 33.1402%; text-align: center;\" width=\"96\"><span style=\"color: #000000;\">450<\/span><\/td>\n<\/tr>\n<tr style=\"height: 21px;\">\n<td style=\"height: 21px; width: 8.55513%; text-align: center;\" width=\"42\"><span style=\"color: #000000;\">8<\/span><\/td>\n<td style=\"height: 21px; width: 70.7224%; text-align: center;\" width=\"372\"><span style=\"color: #000000;\">V7 : 70x70x5mm(thickness) x 1000mm (length)<\/span><\/td>\n<td style=\"height: 21px; width: 33.1402%; text-align: center;\" width=\"96\"><span style=\"color: #000000;\">560<\/span><\/td>\n<\/tr>\n<tr style=\"height: 21px;\">\n<td style=\"height: 21px; width: 8.55513%; text-align: center;\" width=\"42\"><span style=\"color: #000000;\">9<\/span><\/td>\n<td style=\"height: 21px; width: 70.7224%; text-align: center;\" width=\"372\"><span style=\"color: #000000;\">V7 : 70x70x7mm(thickness) x 1000mm (length)<\/span><\/td>\n<td style=\"height: 21px; width: 33.1402%; text-align: center;\" width=\"96\"><span style=\"color: #000000;\">680<\/span><\/td>\n<\/tr>\n<tr style=\"height: 21px;\">\n<td style=\"height: 21px; width: 8.55513%; text-align: center;\" width=\"42\"><span style=\"color: #000000;\">10<\/span><\/td>\n<td style=\"height: 21px; width: 70.7224%; text-align: center;\" width=\"372\"><span style=\"color: #000000;\">V8 : 80x80x5mm(thickness) x 1000mm (length)<\/span><\/td>\n<td style=\"height: 21px; width: 33.1402%; text-align: center;\" width=\"96\"><span style=\"color: #000000;\">520<\/span><\/td>\n<\/tr>\n<tr style=\"height: 21px;\">\n<td style=\"height: 21px; width: 8.55513%; text-align: center;\" width=\"42\"><span style=\"color: #000000;\">11<\/span><\/td>\n<td style=\"height: 21px; width: 70.7224%; text-align: center;\" width=\"372\"><span style=\"color: #000000;\">V8 : 80x80x8mm(thickness) x 1000mm (length)<\/span><\/td>\n<td style=\"height: 21px; width: 33.1402%; text-align: center;\" width=\"96\"><span style=\"color: #000000;\">830<\/span><\/td>\n<\/tr>\n<\/tbody>\n<\/table>\n<p><strong><span style=\"color: #000000;\">\u01afu \u0111i\u1ec3m<\/span><\/strong><\/p>\n<p><span style=\"color: #000000;\">&#8211; N\u1eb9p g\u00f3c c\u00f3 th\u1ec3 \u0111\u01b0\u1ee3c s\u1eed d\u1ee5ng cho b\u1ea5t k\u1ef3 s\u1ea3n ph\u1ea9m n\u00e0o, b\u1ea5t k\u1ec3 h\u00ecnh d\u1ea1ng c\u1ee7a ch\u00fang;<\/span><\/p>\n<p><span style=\"color: #000000;\">&#8211; Th\u00e2n thi\u1ec7n m\u00f4i tr\u01b0\u1eddng, c\u00f3 th\u1ec3 t\u00e1i ch\u1ebf 100%;<\/span><\/p>\n<p><span style=\"color: #000000;\">&#8211; Kh\u00f4ng gi\u1ed1ng nh\u01b0 n\u1eb9p g\u00f3c, bo g\u00f3c b\u1eb1ng kim lo\u1ea1i v\u00e0 nh\u1ef1a, n\u1eb9p g\u00f3c gi\u1ea5y c\u00f3 tr\u1ecdng l\u01b0\u1ee3ng nh\u1eb9, do \u0111\u00f3 r\u1ea5t d\u1ec5 d\u00e0ng thao t\u00e1c v\u00e0 d\u1ec5 d\u00e0ng v\u1eadn chuy\u1ec3n;<\/span><\/p>\n<p><span style=\"color: #000000;\">&#8211; K\u00edch th\u01b0\u1edbc \u0111a d\u1ea1ng theo y\u00eau c\u1ea7u kh\u00e1ch h\u00e0ng.<\/span><\/p>\n<p><strong><span style=\"color: #000000;\">L\u1ee3i \u00edch c\u1ee7a n\u1eb9p g\u00f3c gi\u1ea5y<\/span><\/strong><\/p>\n<p><span style=\"color: #000000;\">&#8211; C\u1ed1 \u0111\u1ecbnh pallet, ki\u1ec7n h\u00e0ng v\u00e0 l\u00e0m gi\u1ea3m thi\u1ec7t h\u1ea1i c\u1ee7a m\u00e0ng ch\u00edt;<\/span><\/p>\n<p><span style=\"color: #000000;\">&#8211; B\u1ea3o v\u1ec7 c\u00e1c v\u1eadt, s\u1ea3n ph\u1ea9n d\u1ec5 v\u1ee1 nh\u01b0 g\u01b0\u01a1ng, k\u00ednh, c\u00e1c t\u00e1c ph\u1ea9m ngh\u1ec7 thu\u1ead; c\u00e1c s\u1ea3n ph\u1ea9m c\u1ed3ng k\u1ec1nh nh\u01b0 m\u00e1y m\u00f3c, c\u00e1c m\u1eb7t h\u00e0ng n\u1ed9i th\u1ea5t;<\/span><\/p>\n<p><span style=\"color: #000000;\">&#8211; B\u1ea3o v\u1ec7 m\u1ecdi m\u1eb7t c\u1ee7a ki\u1ec7n h\u00e0ng do ch\u1ecbu m\u00e0i m\u00f2n v\u00e0 c\u00e1c va ch\u1ea1m v\u00e0o ki\u1ec7n h\u00e0ng;<\/span><\/p>\n<p><span style=\"color: #000000;\">&#8211; Ti\u1ebft ki\u1ec7m chi ph\u00ed h\u01a1n so v\u1edbi khi s\u1eed d\u1ee5ng n\u1eb9p g\u00f3c b\u1eb1ng kim lo\u1ea1i hay nh\u1ef1a;<\/span><\/p>\n<p><span style=\"color: #000000;\">&#8211; C\u1ea3i thi\u1ec7n t\u00ecnh tr\u1ea1ng h\u00e0ng h\u00f3a v\u00e0 h\u00ecnh \u1ea3nh c\u00f4ng ty b\u1ea1n.<\/span><\/p>\n<p><strong><span style=\"color: #000000;\">\u1ee8ng D\u1ee5ng<\/span><\/strong><\/p>\n<p><span style=\"color: #000000;\">N\u1eb9p g\u00f3c, thanh bo g\u00f3c \u0111\u01b0\u1ee3c s\u1eed d\u1ee5ng \u0111\u1ec3 \u0111\u00f3ng g\u00f3i, b\u1ea3o v\u1ec7 ki\u1ec7n h\u00e0ng, th\u00f9ng carton, pallet nhi\u1ec1u s\u1ea3n ph\u1ea9m nh\u01b0:<\/span><\/p>\n<p><span style=\"color: #000000;\">&#8211; C\u00e1c ki\u1ec7n h\u00e0ng g\u1ea1ch, ng\u00f3i, v\u00e1n s\u00e0n;<\/span><\/p>\n<p><span style=\"color: #000000;\">&#8211; C\u00e1c s\u1ea3n ph\u1ea9m in \u1ea5n, bao b\u00ec;<\/span><\/p>\n<p><span style=\"color: #000000;\">&#8211; C\u1ed1 \u0111\u1ecbnh c\u00e1c s\u1ea3n ph\u1ea9m d\u1ec5 v\u1ee1 nh\u01b0 g\u01b0\u01a1ng, k\u00ednh, c\u00e1c t\u00e1c ph\u1ea9m ngh\u1ec7 thu\u1eadt, c\u00e1c s\u1ea3n ph\u1ea9m th\u1ee7 c\u00f4ng m\u1ef9 ngh\u1ec7;<\/span><\/p>\n<p><span style=\"color: #000000;\">&#8211; K\u1ebft h\u1ee3p v\u1edbi m\u00e0ng ch\u00edt v\u00e0 d\u00e2y \u0111ai \u0111\u1ec3 c\u1ed1 \u0111\u1ecbnh, \u0111\u00f3ng pallet cho c\u00e1c ki\u1ec7n h\u00e0ng.<\/span><\/p>\n<p><span style=\"color: #000000;\"><strong>Li\u00ean h\u1ec7<\/strong><\/span><\/p>\n<h4><strong><span style=\"color: #000000;\">C\u00d4NG TY TNHH C\u00d4NG NGHI\u1ec6P SAO \u0110\u1ece VI\u1ec6T NAM<\/span><\/strong><\/h4>\n<p><span style=\"color: #000000;\">\u0110\u1ecba ch\u1ec9: \u0110\u01b0\u1eddng D2 &#8211; Khu D &#8211; Khu c\u00f4ng nghi\u1ec7p Ph\u1ed1 N\u1ed1i A &#8211; X\u00e3 L\u1ea1c H\u1ed3ng &#8211; Huy\u1ec7n V\u0103n L\u00e2m &#8211; H\u01b0ng Y\u00ean<\/span><\/p>\n<p><span style=\"color: #000000;\">\u0110i\u1ec7n tho\u1ea1i: <span style=\"color: #ff0000;\"><strong>093 6464 222<\/strong><\/span><\/span><\/p>\n<p><span style=\"color: #000000;\">Email: info@redstarvn.com\/vn<\/span><\/p>\n<p><span style=\"color: #000000;\">Website: redstarvn.com\/vn<\/span><\/p>\n<p>&nbsp;<\/p>\n","protected":false},"excerpt":{"rendered":"<p><span style=\"color: #000000;\"><strong>T\u00ean s\u1ea3n ph\u1ea9m:<\/strong>\u00a0<strong>Thanh n\u1eb9p g\u00f3c gi\u1ea5y<\/strong><\/span><\/p>\n<p><span style=\"color: #000000;\"><strong>Nguy\u00ean li\u1ec7u:<\/strong>\u00a0Gi\u1ea5y Cardboard, Gi\u1ea5y Kraft<\/span><\/p>\n<p><span style=\"color: #000000;\"><strong>M\u00e0u s\u1eafc:\u00a0<\/strong>N\u00e2u, v\u00e0ng n\u00e2u, n\u00e2u s\u00e1ng, tr\u1eafng, ho\u1eb7c theo y\u00eau c\u1ea7u c\u1ee7a kh\u00e1ch h\u00e0ng<\/span><\/p>\n<p><span style=\"color: #000000;\"><strong>K\u00edch th\u01b0\u1edbc:<\/strong>\u00a0 Theo k\u00edch th\u01b0\u1edbc t\u00eau chu\u1ea9n ho\u1eb7c theo y\u00eau c\u1ea7u c\u1ee7a kh\u00e1ch h\u00e0ng<\/span><\/p>\n<p><span style=\"color: #000000;\"><strong>\u0110\u1ed9 d\u1ea7y:<\/strong>\u00a0T\u1eeb 1mm \u0111\u1ebfn 8mm ho\u1eb7c theo y\u00eau c\u1ea7u c\u1ee7a kh\u00e1ch h\u00e0ng<\/span><\/p>\n<p><span style=\"color: #000000;\"><strong>Length:<\/strong>\u00a0Ti\u00eau chu\u1ea9n l\u00e0 1 m\u00e9t ho\u1eb7c theo y\u00eau c\u1ea7u<\/span><\/p>\n","protected":false},"featured_media":1107,"comment_status":"open","ping_status":"closed","template":"","meta":[],"yoast_head":"<!-- This site is optimized with the Yoast SEO plugin v16.3 - https:\/\/yoast.com\/wordpress\/plugins\/seo\/ -->\n<title>Thanh n\u1eb9p g\u00f3c gi\u1ea5y Sao \u0110\u1ecf - RED STARVN<\/title>\n<meta name=\"robots\" content=\"index, follow, max-snippet:-1, max-image-preview:large, max-video-preview:-1\" \/>\n<link rel=\"canonical\" href=\"https:\/\/redstarvn.com\/vn\/thanh-nep-goc-giay-sao-do\/\" \/>\n<meta property=\"og:locale\" content=\"vi_VN\" \/>\n<meta property=\"og:type\" content=\"article\" \/>\n<meta property=\"og:title\" content=\"Thanh n\u1eb9p g\u00f3c gi\u1ea5y Sao \u0110\u1ecf - RED STARVN\" \/>\n<meta property=\"og:description\" content=\"T\u00ean s\u1ea3n ph\u1ea9m:\u00a0Thanh n\u1eb9p g\u00f3c gi\u1ea5y  Nguy\u00ean li\u1ec7u:\u00a0Gi\u1ea5y Cardboard, Gi\u1ea5y Kraft  M\u00e0u s\u1eafc:\u00a0N\u00e2u, v\u00e0ng n\u00e2u, n\u00e2u s\u00e1ng, tr\u1eafng, ho\u1eb7c theo y\u00eau c\u1ea7u c\u1ee7a kh\u00e1ch h\u00e0ng  K\u00edch th\u01b0\u1edbc:\u00a0 Theo k\u00edch th\u01b0\u1edbc t\u00eau chu\u1ea9n ho\u1eb7c theo y\u00eau c\u1ea7u c\u1ee7a kh\u00e1ch h\u00e0ng  \u0110\u1ed9 d\u1ea7y:\u00a0T\u1eeb 1mm \u0111\u1ebfn 8mm ho\u1eb7c theo y\u00eau c\u1ea7u c\u1ee7a kh\u00e1ch h\u00e0ng  Length:\u00a0Ti\u00eau chu\u1ea9n l\u00e0 1 m\u00e9t ho\u1eb7c theo y\u00eau c\u1ea7u\" \/>\n<meta property=\"og:url\" content=\"https:\/\/redstarvn.com\/vn\/thanh-nep-goc-giay-sao-do\/\" \/>\n<meta property=\"og:site_name\" content=\"RED STARVN\" \/>\n<meta property=\"article:modified_time\" content=\"2021-05-06T02:52:48+00:00\" \/>\n<meta property=\"og:image\" content=\"https:\/\/redstarvn.com\/vn\/wp-content\/uploads\/2021\/05\/1.jpg\" \/>\n\t<meta property=\"og:image:width\" content=\"800\" \/>\n\t<meta property=\"og:image:height\" content=\"600\" \/>\n<meta name=\"twitter:card\" content=\"summary_large_image\" \/>\n<meta name=\"twitter:label1\" content=\"\u01af\u1edbc t\u00ednh th\u1eddi gian \u0111\u1ecdc\">\n\t<meta name=\"twitter:data1\" content=\"3 ph\u00fat\">\n<script type=\"application\/ld+json\" class=\"yoast-schema-graph\">{\"@context\":\"https:\/\/schema.org\",\"@graph\":[{\"@type\":\"WebSite\",\"@id\":\"https:\/\/redstarvn.com\/vn\/#website\",\"url\":\"https:\/\/redstarvn.com\/vn\/\",\"name\":\"RED STARVN\",\"description\":\"M\\u1ed9t trang web m\\u1edbi s\\u1eed d\\u1ee5ng WordPress\",\"potentialAction\":[{\"@type\":\"SearchAction\",\"target\":\"https:\/\/redstarvn.com\/vn\/?s={search_term_string}\",\"query-input\":\"required name=search_term_string\"}],\"inLanguage\":\"vi\"},{\"@type\":\"ImageObject\",\"@id\":\"https:\/\/redstarvn.com\/vn\/thanh-nep-goc-giay-sao-do\/#primaryimage\",\"inLanguage\":\"vi\",\"url\":\"https:\/\/redstarvn.com\/vn\/wp-content\/uploads\/2021\/05\/1.jpg\",\"contentUrl\":\"https:\/\/redstarvn.com\/vn\/wp-content\/uploads\/2021\/05\/1.jpg\",\"width\":800,\"height\":600},{\"@type\":\"WebPage\",\"@id\":\"https:\/\/redstarvn.com\/vn\/thanh-nep-goc-giay-sao-do\/#webpage\",\"url\":\"https:\/\/redstarvn.com\/vn\/thanh-nep-goc-giay-sao-do\/\",\"name\":\"Thanh n\\u1eb9p g\\u00f3c gi\\u1ea5y Sao \\u0110\\u1ecf - RED STARVN\",\"isPartOf\":{\"@id\":\"https:\/\/redstarvn.com\/vn\/#website\"},\"primaryImageOfPage\":{\"@id\":\"https:\/\/redstarvn.com\/vn\/thanh-nep-goc-giay-sao-do\/#primaryimage\"},\"datePublished\":\"2021-05-06T02:50:21+00:00\",\"dateModified\":\"2021-05-06T02:52:48+00:00\",\"breadcrumb\":{\"@id\":\"https:\/\/redstarvn.com\/vn\/thanh-nep-goc-giay-sao-do\/#breadcrumb\"},\"inLanguage\":\"vi\",\"potentialAction\":[{\"@type\":\"ReadAction\",\"target\":[\"https:\/\/redstarvn.com\/vn\/thanh-nep-goc-giay-sao-do\/\"]}]},{\"@type\":\"BreadcrumbList\",\"@id\":\"https:\/\/redstarvn.com\/vn\/thanh-nep-goc-giay-sao-do\/#breadcrumb\",\"itemListElement\":[{\"@type\":\"ListItem\",\"position\":1,\"item\":{\"@type\":\"WebPage\",\"@id\":\"https:\/\/redstarvn.com\/vn\/\",\"url\":\"https:\/\/redstarvn.com\/vn\/\",\"name\":\"Trang ch\\u1ee7\"}},{\"@type\":\"ListItem\",\"position\":2,\"item\":{\"@type\":\"WebPage\",\"@id\":\"https:\/\/redstarvn.com\/vn\/shop\/\",\"url\":\"https:\/\/redstarvn.com\/vn\/shop\/\",\"name\":\"Shop\"}},{\"@type\":\"ListItem\",\"position\":3,\"item\":{\"@id\":\"https:\/\/redstarvn.com\/vn\/thanh-nep-goc-giay-sao-do\/#webpage\"}}]}]}<\/script>\n<!-- \/ Yoast SEO plugin. -->","_links":{"self":[{"href":"https:\/\/redstarvn.com\/vn\/wp-json\/wp\/v2\/product\/1106"}],"collection":[{"href":"https:\/\/redstarvn.com\/vn\/wp-json\/wp\/v2\/product"}],"about":[{"href":"https:\/\/redstarvn.com\/vn\/wp-json\/wp\/v2\/types\/product"}],"replies":[{"embeddable":true,"href":"https:\/\/redstarvn.com\/vn\/wp-json\/wp\/v2\/comments?post=1106"}],"wp:featuredmedia":[{"embeddable":true,"href":"https:\/\/redstarvn.com\/vn\/wp-json\/wp\/v2\/media\/1107"}],"wp:attachment":[{"href":"https:\/\/redstarvn.com\/vn\/wp-json\/wp\/v2\/media?parent=1106"}],"curies":[{"name":"wp","href":"https:\/\/api.w.org\/{rel}","templated":true}]}}