{"id":1118,"date":"2021-05-06T03:06:43","date_gmt":"2021-05-06T03:06:43","guid":{"rendered":"https:\/\/redstarvn.com\/?post_type=product&#038;p=1118"},"modified":"2021-05-06T03:07:41","modified_gmt":"2021-05-06T03:07:41","slug":"thanh-nep-goc-chu-v","status":"publish","type":"product","link":"https:\/\/redstarvn.com\/vn\/thanh-nep-goc-chu-v\/","title":{"rendered":"Thanh n\u1eb9p g\u00f3c ch\u1eef V"},"content":{"rendered":"<p><em><strong><span style=\"color: #000000;\">Trong c\u00e1c ng\u00e0nh c\u00f4ng nghi\u1ec7p s\u1ea3n xu\u1ea5t v\u00e0 v\u1eadn chuy\u1ec3n h\u00e0ng h\u00f3a (logistic), nh\u1eefng h\u01b0 h\u1ecfng khi v\u1eadn chuy\u1ec3n v\u00e0 b\u1ed1c x\u1ebfp h\u00e0ng h\u00f3a lu\u00f4n l\u00e0 v\u1ea5n \u0111\u1ec1 \u0111au \u0111\u1ea7u c\u1ee7a c\u00e1c c\u00f4ng ty. V\u00ec v\u1eady, nhi\u1ec1u v\u1eadt li\u1ec7u th\u01b0\u1eddng hay s\u1eed d\u1ee5ng nh\u01b0 m\u00fat x\u1ed1p, b\u00f4ng\u2026 \u0111\u1ec3 \u0111\u00f3ng g\u00f3i, c\u1ed1 \u0111\u1ecbnh s\u1ea3n ph\u1ea9m trong bao b\u00ec carton (th\u00f9ng gi\u1ea5y carton). Ng\u00e0y nay, thanh n\u1eb9p gi\u1ea5y ch\u1eef V \u0111\u00e3 thay th\u1ebf c\u00e1c v\u1eadt li\u1ec7u tr\u00ean \u0111\u1ec3 \u0111\u1ea3m b\u1ea3o v\u1eadn chuy\u1ec3n h\u00e0ng h\u00f3a t\u1ed1t h\u01a1n v\u00e0 th\u00e2n thi\u1ec7n v\u1edbi m\u00f4i tr\u01b0\u1eddng h\u01a1n.<\/span><\/strong><\/em><\/p>\n<p><img loading=\"lazy\" class=\"size-full wp-image-1119 aligncenter\" src=\"https:\/\/redstarvn.com\/vn\/wp-content\/uploads\/2021\/05\/9.jpg\" alt=\"\" width=\"800\" height=\"600\" srcset=\"https:\/\/redstarvn.com\/vn\/wp-content\/uploads\/2021\/05\/9.jpg 800w, https:\/\/redstarvn.com\/vn\/wp-content\/uploads\/2021\/05\/9-533x400.jpg 533w, https:\/\/redstarvn.com\/vn\/wp-content\/uploads\/2021\/05\/9-768x576.jpg 768w, https:\/\/redstarvn.com\/vn\/wp-content\/uploads\/2021\/05\/9-300x225.jpg 300w, https:\/\/redstarvn.com\/vn\/wp-content\/uploads\/2021\/05\/9-600x450.jpg 600w\" sizes=\"(max-width: 800px) 100vw, 800px\" \/><\/p>\n<p><span style=\"color: #000000;\">Nhi\u1ec1u doanh nghi\u1ec7p trong ng\u00e0nh v\u1eadn chuy\u1ec3n c\u0169ng nh\u01b0 cung c\u1ea5p bao b\u00ec \u0111\u00e3 ch\u1ecdn l\u1ef1a thanh V gi\u1ea5y n\u1eb9p g\u00f3c \u0111\u1ec3 b\u1ea3o v\u1ec7 c\u00e1c g\u00f3c c\u1ea1nh trong bao b\u00ec, th\u00f9ng gi\u1ea5y carton \u0111\u1ef1ng s\u1ea3n ph\u1ea9m nh\u01b0 l\u00e0 m\u1ed9t gi\u1ea3i ph\u00e1p h\u1eefu hi\u1ec7u trong vi\u1ec7c gi\u1eef c\u1ed1 \u0111\u1ecbnh s\u1ea3n ph\u1ea9m. V\u1eady thanh n\u1eb9p g\u00f3c b\u1eb1ng gi\u1ea5y carton l\u00e0 g\u00ec? Sau \u0111\u00e2y Sao \u0110\u1ecf xin gi\u1edbi thi\u1ec7u v\u1ec1 s\u1ea3n ph\u1ea9m h\u1eefu \u00edch n\u00e0y.<\/span><\/p>\n<p><span style=\"color: #000000;\">Thanh n\u1eb9p gi\u1ea5y \u0111\u01b0\u1ee3c l\u00e0m b\u1eb1ng nhi\u1ec1u l\u1edbp gi\u1ea5y v\u00e0 \u0111\u01b0\u1ee3c l\u1eafp gh\u00e9p \u0111\u1ec3 t\u1ea1o th\u00e0nh h\u00ecnh d\u1ea1ng ch\u1eef V hay g\u00f3c 90 \u0111\u1ed9 ho\u1eb7c h\u00ecnh d\u1ea1ng kh\u00e1c. V\u1edbi c\u1ea5u t\u1ea1o \u0111\u1ed9c \u0111\u00e1o, thanh n\u1eb9p gi\u1ea5y c\u00f3 th\u1ec3 \u0111\u01b0\u1ee3c ph\u00e2n c\u1eaft theo nh\u1eefng k\u00edch th\u01b0\u1edbc v\u00e0 \u0111\u1ed9 d\u00e0i t\u00f9y \u00fd v\u00e0 c\u00f2n c\u00f3 th\u1ec3 s\u1eed d\u1ee5ng k\u1ebft h\u1ee3p v\u1edbi m\u00e0ng qu\u1ea5n, d\u00e2y \u0111ai v\u00e0 con b\u1ecd.<\/span><\/p>\n<p><span style=\"color: #000000;\">Ch\u1ea5t l\u01b0\u1ee3ng, k\u00edch th\u01b0\u1edbc v\u00e0 kh\u1ea3 n\u0103ng ch\u1ecbu l\u1ef1c c\u1ee7a thanh n\u1eb9p g\u00f3c gi\u1ea5y ch\u1eef V n\u00e0y ho\u00e0n to\u00e0n \u0111\u01b0\u1ee3c cung c\u1ea5p d\u1ef1a v\u00e0o y\u00eau c\u1ea7u c\u1ee7a ng\u01b0\u1eddi s\u1eed d\u1ee5ng v\u00e0 c\u00e1ch s\u1eed d\u1ee5ng ch\u00fang sao cho hi\u1ec7u qu\u1ea3. C\u00f3 r\u1ea5t nhi\u1ec1u lo\u1ea1i ch\u1ea5t li\u1ec7u \u0111\u1ec3 t\u1ea1o n\u00ean m\u1ed9t thanh n\u1eb9p g\u00f3c gi\u1ea5y \u0111\u1ea1t ch\u1ea5t l\u01b0\u1ee3ng v\u00e0 hi\u1ec7u qu\u1ea3, ph\u1ed5 bi\u1ebfn nh\u1ea5t l\u00e0 thanh n\u1eb9p g\u00f3c l\u00e0m t\u1eeb gi\u1ea5y t\u00e1i ch\u1ebf.<\/span><\/p>\n<p><span style=\"color: #000000;\">Thanh V gi\u1ea5y n\u1eb9p g\u00f3c \u0111\u01b0\u1ee3c s\u1eed d\u1ee5ng r\u1ed9ng r\u00e3i trong b\u1ea3o v\u1ec7 c\u00e1c g\u00f3c c\u1ea1nh c\u1ee7a h\u00e0ng ho\u00e1 trong qu\u00e1 tr\u00ecnh ch\u00fang ta v\u1eadn chuy\u1ec3n v\u00e0 l\u01b0u tr\u1eef. Chi\u1ec1u d\u00e0i v\u00e0 chi\u1ec1u r\u1ed9ng c\u1ee7a thanh n\u1eb9p g\u00f3c gi\u1ea5y ch\u1eef V c\u00f3 th\u1ec3 \u0111\u01b0\u1ee3c th\u1ef1c hi\u1ec7n theo nh\u01b0 y\u00eau c\u1ea7u v\u00e0 m\u1ee5c \u0111\u00edch s\u1eed d\u1ee5ng c\u1ee7a kh\u00e1ch h\u00e0ng.<\/span><\/p>\n<p><span style=\"color: #000000;\">H\u01a1n th\u1ebf n\u1eefa, kh\u00e1ch h\u00e0ng c\u00f3 th\u1ec3 s\u1eed d\u1ee5ng thanh V gi\u1ea5y n\u1eb9p g\u00f3c c\u1ee7a h\u00e0ng h\u00f3a b\u1eb1ng gi\u1ea5y t\u1ed5 ong ngo\u00e0i thanh b\u1ea3o v\u1ec7 g\u00f3c b\u1eb1ng gi\u1ea5y c\u1ee9ng. \u0110i\u1ec1u n\u00e0y s\u1ebd gi\u00fap b\u1ea3o v\u1ec7 c\u00e1c g\u00f3c c\u1ee7a th\u00e0nh ph\u1ea9m, tr\u00e1nh b\u1ecb h\u1ecfng.<\/span><\/p>\n<p><strong><span style=\"color: #000000;\">C\u00e1ch s\u1eed d\u1ee5ng thanh n\u1eb9p gi\u1ea5y<\/span><\/strong><br \/>\n<span style=\"color: #000000;\">Thanh V gi\u1ea5y n\u1eb9p g\u00f3c \u0111\u01b0\u1ee3c d\u00f9ng \u0111\u1ec3 b\u1ea3o v\u1ec7 c\u00e1c c\u1ea1nh c\u1ee7a h\u00e0ng ho\u00e1 trong qu\u00e1 tr\u00ecnh v\u1eadn chuy\u1ec3n hay l\u01b0u tr\u1eef h\u00e0ng h\u00f3a. 100% thanh n\u1eb9p g\u00f3c c\u00f3 th\u1ec3 t\u00e1i ch\u1ebf, thi\u00eau h\u1ee7y d\u1ec5 d\u00e0ng. Thanh n\u1eb9p g\u00f3c c\u00f3 t\u00e1c d\u1ee5ng b\u1ea3o v\u1ec7 h\u00e0ng h\u00f3a tr\u01b0\u1edbc nh\u1eefng t\u00e1c \u0111\u1ed9ng b\u00ean ngo\u00e0i.<\/span><\/p>\n<p><span style=\"color: #000000;\">Thanh n\u1eb9p gi\u1ea5y l\u00e0 m\u1ed9t gi\u1ea3i ph\u00e1p s\u00e1ng t\u1ea1o \u0111\u1ec3 b\u1ea3o v\u1ec7 c\u00e1c chuy\u1ebfn h\u00e0ng c\u1ea3 trong v\u00e0 ngo\u00e0i n\u01b0\u1edbc. Khi c\u00f3 k\u00edch th\u01b0\u1edbc ch\u00ednh x\u00e1c, n\u00f3 c\u00f3 t\u00e1c d\u1ee5ng b\u1ea3o v\u1ec7 bao b\u00ec c\u1ee7a s\u1ea3n ph\u1ea9m v\u00e0 ch\u00ednh s\u1ea3n ph\u1ea9m. H\u01a1n n\u1eefa, n\u00f3 kh\u00f4ng ch\u1ec9 b\u1ea3o v\u1ec7 c\u00e1c g\u00f3c c\u1ee7a s\u1ea3n ph\u1ea9m \u0111\u01b0\u1ee3c \u0111\u00f3ng g\u00f3i m\u00e0 c\u00f2n b\u1ed5 sung \u0111\u1ed9 b\u1ec1n cho pallet khi mu\u1ed1n x\u1ebfp ch\u1ed3ng l\u00ean cao \u0111\u1ec3 t\u1ed1i \u01b0u khi l\u01b0u kho v\u00e0 v\u1eadn chuy\u1ec3n.<\/span><\/p>\n<p><strong><span style=\"color: #000000;\">Quy tr\u00ecnh \u0111\u00f3ng g\u00f3i h\u00e0ng h\u00f3a khi s\u1eed d\u1ee5ng thanh n\u1eb9p gi\u1ea5y<\/span><\/strong><br \/>\n<span style=\"color: #000000;\">S\u1eed d\u1ee5ng h\u1ed9p k\u00e9p ( double box)<\/span><br \/>\n<span style=\"color: #000000;\">H\u00e0ng h\u00f3a s\u1ebd \u0111\u01b0\u1ee3c b\u1ecdc trong gi\u1ea5y l\u00f3t, x\u1ed1p, b\u1ecdc kh\u00ed,\u2026 h\u01a1i c\u00f3 \u0111\u1ed9 d\u00e0y t\u1ed1i thi\u1ec3u l\u00e0 5cm, c\u00e1c g\u00f3c \u0111\u01b0\u1ee3c bao b\u1ecdc b\u1eb1ng thanh n\u1eb9p.<\/span><\/p>\n<p><strong><span style=\"color: #000000;\">C\u00e1ch \u0111\u00f3ng h\u1ed9p<\/span><\/strong><br \/>\n<span style=\"color: #000000;\">S\u1eed d\u1ee5ng b\u0103ng d\u00ednh d\u00e1n k\u00ednh 6 m\u1eb7t c\u1ee7a h\u1ed9p carton h\u00e0ng h\u00f3a.<\/span><\/p>\n<p><span style=\"color: #000000;\">\u0110\u1ed1i v\u1edbi c\u00e1c h\u00e0ng h\u00f3a to<\/span><br \/>\n<span style=\"color: #000000;\">\u0110\u00f3ng g\u00f3i s\u1ea3n ph\u1ea9m b\u1eb1ng nilon, s\u1eed d\u1ee5ng pallet \u0111\u1ec3 \u0111\u1ee1 h\u00e0ng, \u0111\u00f3ng th\u00f9ng h\u00e0ng h\u00f3a c\u00f3 th\u1ec3 l\u00e0 ki\u1ec7n k\u00edn ho\u1eb7c ki\u1ec7n h\u1edf.<\/span><\/p>\n<p><span style=\"color: #000000;\">\u0110\u1ec3 tr\u00e1nh vi\u1ec7c ho\u00e0n h\u00e0ng, tr\u1ea3 h\u00e0ng v\u00e0 h\u01b0 h\u1ecfng s\u1ea3n ph\u1ea9m, b\u1ea3o qu\u1ea3n h\u00e0ng h\u00f3a nh\u1edd thanh n\u1eb9p gi\u1ea5y l\u00e0 s\u1ef1 l\u1ef1a ch\u1ecdn an to\u00e0n, ti\u1ebft ki\u1ec7m l\u1ea1i r\u1ea5t th\u00e2n thi\u1ec7n v\u1edbi m\u00f4i tr\u01b0\u1eddng. Tr\u00e1nh r\u1ee7i ro kh\u00f4ng \u0111\u00e1ng c\u00f3 nh\u1edd v\u1eadt d\u1ee5ng nh\u1ecf g\u1ecdn v\u1edbi \u0111a d\u1ea1ng thi\u1ebft k\u1ebf \u2013 k\u00edch th\u01b0\u1edbc ph\u00f9 h\u1ee3p v\u1edbi m\u1ecdi lo\u1ea1i h\u00e0ng h\u00f3a c\u1ee7a doanh nghi\u1ec7p.<\/span><\/p>\n<p><strong><span style=\"color: #000000;\">T\u1ea1i sao ph\u1ea3i s\u1eed d\u1ee5ng thanh n\u1eb9p gi\u1ea5y<\/span><\/strong><br \/>\n<span style=\"color: #000000;\">Thanh n\u1eb9p gi\u1ea5y c\u00f3 kh\u1ea3 n\u0103ng gi\u00fap b\u1ea3o to\u00e0n s\u1ea3n ph\u1ea9m t\u1ed1i \u0111a: Trong c\u00e1c ng\u00e0nh c\u00f4ng nghi\u1ec7p, c\u00e1c lo\u1ea1i thanh n\u1eb9p s\u1eaft, nh\u1ef1a, g\u1ed7 kh\u00f4ng \u0111\u1ea3m b\u1ea3o \u0111\u01b0\u1ee3c s\u1ef1 an to\u00e0n t\u1ed1t nh\u1ea5t cho s\u1ea3n ph\u1ea9m n\u1eefa. Thanh n\u1eb9p gi\u1ea5y \u0111\u01b0\u1ee3c s\u1eed d\u1ee5ng nh\u01b0 m\u1ed9t gi\u1ea3i ph\u00e1p c\u1ed1 \u0111\u1ecbnh s\u1ea3n ph\u1ea9m, gi\u1ea3m thi\u1ec3u s\u1ef1 h\u01b0 h\u1ea1i x\u1ea3y ra trong su\u1ed1t qu\u00e1 tr\u00ecnh v\u1eadn chuy\u1ec3n v\u00e0 b\u1ed1c d\u1edf h\u00e0ng h\u00f3a m\u1ed9t c\u00e1ch t\u1ed1i \u0111a nh\u1ea5t.<\/span><\/p>\n<p><span style=\"color: #000000;\">Thanh n\u1eb9p gi\u1ea5y l\u00e0 s\u1ea3n ph\u1ea9m \u0111\u1ea1t \u201cchu\u1ea9n\u201d trong kinh doanh: v\u1edbi xu h\u01b0\u1edbng m\u1edbi ng\u00e0y nay l\u00e0 kinh t\u1ebf b\u1ea3o v\u1ec7 m\u00f4i tr\u01b0\u1eddng , thanh n\u1eb9p g\u00f3c gi\u1ea5y \u0111\u01b0\u1ee3c l\u00e0m t\u1eeb gi\u1ea5y c\u00f3 th\u1ec3 t\u00e1i ch\u1ebf d\u1ec5 d\u00e0ng, c\u1ef1c k\u00ec th\u00e2n thi\u1ec7n v\u1edbi m\u00f4i tr\u01b0\u1eddng n\u00ean \u0111\u01b0\u1ee3c c\u00e1c doanh nghi\u1ec7p n\u01b0\u1edbc ngo\u00e0i \u1edf c\u00e1c n\u01b0\u1edbc ph\u00e1t tri\u1ec3n nh\u01b0 EU \u01b0u ti\u00ean s\u1eed d\u1ee5ng h\u00e0ng \u0111\u1ea7u.<\/span><\/p>\n<p><span style=\"color: #000000;\">Thanh n\u1eb9p gi\u1ea5y \u0111\u01b0\u1ee3c l\u00e0m ra l\u00e0 v\u00ec nhu c\u1ea7u c\u1ee7a kh\u00e1ch h\u00e0ng: Thanh n\u1eb9p gi\u1ea5y c\u00f3 c\u1ea5u t\u1ea1o \u0111\u1ed9c \u0111\u00e1o, kh\u1ea3 n\u0103ng ch\u1ecbu l\u1ef1c cao, \u0111\u01b0\u1ee3c ph\u00e2n c\u1eaft theo nhi\u1ec1u k\u00edch th\u01b0\u1edbc, \u0111\u1ed9 d\u00e0i t\u00f9y theo nhu c\u1ea7u s\u1eed d\u1ee5ng v\u00e0 \u0111\u00e1p \u1ee9ng y\u00eau c\u1ea7u c\u1ee7a kh\u00e1ch h\u00e0ng. Do v\u1eady, n\u1ebfu b\u1ea1n \u0111ang lo l\u1eafng vi\u1ec7c c\u00e1c th\u00f9ng h\u00e0ng c\u1ee7a m\u00ecnh qu\u00e1 l\u1edbn, hay qu\u00e1 nh\u1ecf l\u00e0 d\u01b0 th\u1eeba. B\u1edfi tr\u00ean th\u1ecb tr\u01b0\u1eddng lu\u00f4n c\u00f3 s\u1eb5n kh\u00e1 nhi\u1ec1u k\u00edch th\u01b0\u1edbc, m\u1eabu m\u00e3 thanh n\u1eb9p gi\u1ea5y \u0111\u1ec3 b\u1ea1n ch\u1ecdn l\u1ef1a ph\u00f9 h\u1ee3p v\u1edbi m\u1ee5c \u0111\u00edch, ho\u1eb7c b\u1ea1n c\u0169ng c\u00f3 th\u1ec3 \u0111\u1eb7t ri\u00eang theo y\u00eau c\u1ea7u.<\/span><\/p>\n<p><span style=\"color: #000000;\">Thanh n\u1eb9p gi\u1ea5y l\u00e0 m\u1ed9t s\u1ef1 k\u1ebft h\u1ee3p tuy\u1ec7t v\u1eddi: c\u00f9ng v\u1edbi pallet gi\u1ea5y hay th\u00f9ng carton, thanh n\u1eb9p gi\u1ea5y gi\u00fap mang l\u1ea1i hi\u1ec7u qu\u1ea3 t\u1ed1i \u0111a nh\u1ea5t cho vi\u1ec7c b\u1ea3o v\u1ec7 h\u00e0ng h\u00f3a trong qu\u00e1 tr\u00ecnh v\u1eadn chuy\u1ec3n. Khi c\u00e1c th\u00f9ng carton \u0111\u01b0\u1ee3c n\u1eb9p c\u00e1c c\u1ea1nh v\u00e0 g\u00f3c b\u1eb1ng thanh n\u1eb9p gi\u1ea5y th\u00ec s\u1ebd ch\u1ed1ng \u0111\u01b0\u1ee3c va \u0111\u1eadp, r\u1ea5t ch\u1eafc ch\u1eafn n\u00ean khi \u0111\u00f3ng h\u00e0ng, c\u00f3 th\u1ec3 ch\u1ea5t x\u1ebfp \u0111\u01b0\u1ee3c nhi\u1ec1u l\u1edbp m\u00e0 kh\u00f4ng s\u1ee3 b\u1ecb m\u00f3p h\u00e0ng.<\/span><\/p>\n<p><strong><span style=\"color: #000000;\">C\u00f4ng ty Sao \u0110\u1ecf l\u00e0 c\u00f4ng ty s\u1ea3n xu\u1ea5t thanh v gi\u1ea5y, thanh n\u1eb9p gi\u1ea5y v\u1edbi c\u00e1c th\u1ebf m\u1ea1nh nh\u01b0 sau:<\/span><\/strong><\/p>\n<p><span style=\"color: #000000;\">\u0110\u1ea3m b\u1ea3o ch\u1ea5t l\u01b0\u1ee3ng c\u00e1c s\u1ea3n ph\u1ea9m thanh n\u1eb9p gi\u1ea5y, thanh v gi\u1ea5y,\u2026 lu\u00f4n ch\u1ea5t l\u01b0\u1ee3ng t\u1ed1t nh\u1ea5t, \u0111\u01b0\u1ee3c ki\u1ec3m \u0111\u1ecbnh kh\u1eaft khe, \u0111\u00fang m\u1eabu m\u00e3, k\u00edch th\u01b0\u1edbc y\u00eau c\u1ea7u c\u1ee7a kh\u00e1ch h\u00e0ng<\/span><br \/>\n<span style=\"color: #000000;\">Gi\u00e1 c\u1ea3 c\u1ea1nh tranh, v\u1edbi d\u00e2y chuy\u1ec1n hi\u1ec7n \u0111\u1ea1i, kinh nghi\u1ec7m v\u00e0 t\u00e2m huy\u1ebft c\u1ee7a \u0111\u1ed9i ng\u0169 k\u1ef9 thu\u1eadt vi\u00ean gi\u1ecfi s\u1eb5n s\u00e0ng \u0111\u1ebfn t\u1eadn n\u01a1i \u0111\u1ec3 h\u1ed7 tr\u1ee3. Ch\u00fang t\u00f4i cam k\u1ebft mang t\u1edbi nh\u1eefng tr\u1ea3i nghi\u1ec7m s\u1ea3n ph\u1ea9m, d\u1ecbch v\u1ee5 v\u01b0\u1ee3t tr\u1ed9i tr\u00ean th\u1ecb tr\u01b0\u1eddng.<\/span><br \/>\n<span style=\"color: #000000;\">Giao h\u00e0ng \u0111\u00fang y\u00eau c\u1ea7u th\u1eddi gian, th\u1ea5u hi\u1ec3u \u0111\u01b0\u1ee3c s\u1ef1 mong \u0111\u1ee3i c\u1ee7a qu\u00fd kh\u00e1ch h\u00e0ng \u0111\u1ed1i v\u1edbi s\u1ea3n ph\u1ea9m, ch\u00fang t\u00f4i lu\u00f4n ch\u00fa tr\u1ecdng trong t\u1eebng kh\u00e2u t\u1eeb khi b\u1eaft \u0111\u1ea7u cho \u0111\u1ebfn nh\u1eefng ch\u00ednh s\u00e1ch sau b\u00e1n h\u00e0ng.<\/span><br \/>\n<span style=\"color: #000000;\">N\u1ebfu b\u1ea1n \u0111ang c\u00f3 nhu c\u1ea7u c\u1ea7n t\u00ecm c\u00f4ng ty s\u1ea3n xu\u1ea5t thanh V gi\u1ea5y c\u00f3 ch\u1ea5t l\u01b0\u1ee3ng t\u1ed1t h\u00e3y li\u00ean h\u1ec7 t\u1edbi c\u00f4ng ty Sao \u0110\u1ecf ch\u00fang t\u00f4i \u0111\u1ec3:<\/span><\/p>\n<p><span style=\"color: #000000;\">Nh\u1eadn \u0111\u01b0\u1ee3c b\u1ea3ng b\u00e1o gi\u00e1 t\u1ed1t v\u00e0 nhanh nh\u1ea5t.<\/span><br \/>\n<span style=\"color: #000000;\">\u0110\u01b0\u1ee3c chuy\u00ean vi\u00ean c\u1ee7a c\u00f4ng ty t\u01b0 v\u1ea5n l\u1ef1a ch\u1ecdn thanh V sao cho t\u1ed1i \u01b0u nh\u1ea5t v\u1ec1 c\u1ea3 quy c\u00e1ch v\u00e0 chi ph\u00ed.<\/span><br \/>\n<span style=\"color: #000000;\">S\u1ea3n ph\u1ea9m lu\u00f4n \u0111\u01b0\u1ee3c ki\u1ec3m tra kh\u1eaft khe v\u1ec1 ch\u1ea5t l\u01b0\u1ee3ng tr\u01b0\u1edbc khi \u0111\u1ebfn tay kh\u00e1ch h\u00e0ng.<\/span><\/p>\n<p><span style=\"color: #000000;\">Chi ti\u1ebft v\u1ec1 s\u1ea3n ph\u1ea9m Qu\u00fd kh\u00e1ch h\u00e0ng xin vui l\u00f2ng li\u00ean h\u1ec7:<\/span><\/p>\n<h4><strong><span style=\"color: #000000;\">C\u00d4NG TY TNHH C\u00d4NG NGHI\u1ec6P SAO \u0110\u1ece VI\u1ec6T NAM<\/span><\/strong><\/h4>\n<p><span style=\"color: #000000;\">\u0110\u1ecba ch\u1ec9: \u0110\u01b0\u1eddng D2 &#8211; Khu D &#8211; Khu c\u00f4ng nghi\u1ec7p Ph\u1ed1 N\u1ed1i A &#8211; X\u00e3 L\u1ea1c H\u1ed3ng &#8211; Huy\u1ec7n V\u0103n L\u00e2m &#8211; H\u01b0ng Y\u00ean<\/span><\/p>\n<p><span style=\"color: #000000;\">\u0110i\u1ec7n tho\u1ea1i: <span style=\"color: #ff0000;\"><strong>093 6464 222<\/strong><\/span><\/span><\/p>\n<p><span style=\"color: #000000;\">Email: info@redstarvn.com\/vn<\/span><\/p>\n<p><span style=\"color: #000000;\">Website: redstarvn.com\/vn<\/span><\/p>\n","protected":false},"excerpt":{"rendered":"<p><span style=\"color: #000000;\"><strong>T\u00ean s\u1ea3n ph\u1ea9m:<\/strong>\u00a0<strong>Thanh n\u1eb9p g\u00f3c gi\u1ea5y<\/strong><\/span><\/p>\n<p><span style=\"color: #000000;\"><strong>Nguy\u00ean li\u1ec7u:<\/strong>\u00a0Gi\u1ea5y Cardboard, Gi\u1ea5y Kraft<\/span><\/p>\n<p><span style=\"color: #000000;\"><strong>M\u00e0u s\u1eafc:\u00a0<\/strong>N\u00e2u, v\u00e0ng n\u00e2u, n\u00e2u s\u00e1ng, tr\u1eafng, ho\u1eb7c theo y\u00eau c\u1ea7u c\u1ee7a kh\u00e1ch h\u00e0ng<\/span><\/p>\n<p><span style=\"color: #000000;\"><strong>K\u00edch th\u01b0\u1edbc:<\/strong>\u00a0 Theo k\u00edch th\u01b0\u1edbc t\u00eau chu\u1ea9n ho\u1eb7c theo y\u00eau c\u1ea7u c\u1ee7a kh\u00e1ch h\u00e0ng<\/span><\/p>\n<p><span style=\"color: #000000;\"><strong>\u0110\u1ed9 d\u1ea7y:<\/strong>\u00a0T\u1eeb 1mm \u0111\u1ebfn 8mm ho\u1eb7c theo y\u00eau c\u1ea7u c\u1ee7a kh\u00e1ch h\u00e0ng<\/span><\/p>\n<p><span style=\"color: #000000;\"><strong>Length:<\/strong>\u00a0Ti\u00eau chu\u1ea9n l\u00e0 1 m\u00e9t ho\u1eb7c theo y\u00eau c\u1ea7u<\/span><\/p>\n","protected":false},"featured_media":1120,"comment_status":"open","ping_status":"closed","template":"","meta":[],"yoast_head":"<!-- This site is optimized with the Yoast SEO plugin v16.3 - https:\/\/yoast.com\/wordpress\/plugins\/seo\/ -->\n<title>Thanh n\u1eb9p g\u00f3c ch\u1eef V - RED STARVN<\/title>\n<meta name=\"robots\" content=\"index, follow, max-snippet:-1, max-image-preview:large, max-video-preview:-1\" \/>\n<link rel=\"canonical\" href=\"https:\/\/redstarvn.com\/vn\/thanh-nep-goc-chu-v\/\" \/>\n<meta property=\"og:locale\" content=\"vi_VN\" \/>\n<meta property=\"og:type\" content=\"article\" \/>\n<meta property=\"og:title\" content=\"Thanh n\u1eb9p g\u00f3c ch\u1eef V - RED STARVN\" \/>\n<meta property=\"og:description\" content=\"T\u00ean s\u1ea3n ph\u1ea9m:\u00a0Thanh n\u1eb9p g\u00f3c gi\u1ea5y  Nguy\u00ean li\u1ec7u:\u00a0Gi\u1ea5y Cardboard, Gi\u1ea5y Kraft  M\u00e0u s\u1eafc:\u00a0N\u00e2u, v\u00e0ng n\u00e2u, n\u00e2u s\u00e1ng, tr\u1eafng, ho\u1eb7c theo y\u00eau c\u1ea7u c\u1ee7a kh\u00e1ch h\u00e0ng  K\u00edch th\u01b0\u1edbc:\u00a0 Theo k\u00edch th\u01b0\u1edbc t\u00eau chu\u1ea9n ho\u1eb7c theo y\u00eau c\u1ea7u c\u1ee7a kh\u00e1ch h\u00e0ng  \u0110\u1ed9 d\u1ea7y:\u00a0T\u1eeb 1mm \u0111\u1ebfn 8mm ho\u1eb7c theo y\u00eau c\u1ea7u c\u1ee7a kh\u00e1ch h\u00e0ng  Length:\u00a0Ti\u00eau chu\u1ea9n l\u00e0 1 m\u00e9t ho\u1eb7c theo y\u00eau c\u1ea7u\" \/>\n<meta property=\"og:url\" content=\"https:\/\/redstarvn.com\/vn\/thanh-nep-goc-chu-v\/\" \/>\n<meta property=\"og:site_name\" content=\"RED STARVN\" \/>\n<meta property=\"article:modified_time\" content=\"2021-05-06T03:07:41+00:00\" \/>\n<meta property=\"og:image\" content=\"https:\/\/redstarvn.com\/vn\/wp-content\/uploads\/2021\/05\/11.jpg\" \/>\n\t<meta property=\"og:image:width\" content=\"800\" \/>\n\t<meta property=\"og:image:height\" content=\"600\" \/>\n<meta name=\"twitter:card\" content=\"summary_large_image\" \/>\n<meta name=\"twitter:label1\" content=\"\u01af\u1edbc t\u00ednh th\u1eddi gian \u0111\u1ecdc\">\n\t<meta name=\"twitter:data1\" content=\"6 ph\u00fat\">\n<script type=\"application\/ld+json\" class=\"yoast-schema-graph\">{\"@context\":\"https:\/\/schema.org\",\"@graph\":[{\"@type\":\"WebSite\",\"@id\":\"https:\/\/redstarvn.com\/vn\/#website\",\"url\":\"https:\/\/redstarvn.com\/vn\/\",\"name\":\"RED STARVN\",\"description\":\"M\\u1ed9t trang web m\\u1edbi s\\u1eed d\\u1ee5ng WordPress\",\"potentialAction\":[{\"@type\":\"SearchAction\",\"target\":\"https:\/\/redstarvn.com\/vn\/?s={search_term_string}\",\"query-input\":\"required name=search_term_string\"}],\"inLanguage\":\"vi\"},{\"@type\":\"ImageObject\",\"@id\":\"https:\/\/redstarvn.com\/vn\/thanh-nep-goc-chu-v\/#primaryimage\",\"inLanguage\":\"vi\",\"url\":\"https:\/\/redstarvn.com\/vn\/wp-content\/uploads\/2021\/05\/11.jpg\",\"contentUrl\":\"https:\/\/redstarvn.com\/vn\/wp-content\/uploads\/2021\/05\/11.jpg\",\"width\":800,\"height\":600},{\"@type\":\"WebPage\",\"@id\":\"https:\/\/redstarvn.com\/vn\/thanh-nep-goc-chu-v\/#webpage\",\"url\":\"https:\/\/redstarvn.com\/vn\/thanh-nep-goc-chu-v\/\",\"name\":\"Thanh n\\u1eb9p g\\u00f3c ch\\u1eef V - RED STARVN\",\"isPartOf\":{\"@id\":\"https:\/\/redstarvn.com\/vn\/#website\"},\"primaryImageOfPage\":{\"@id\":\"https:\/\/redstarvn.com\/vn\/thanh-nep-goc-chu-v\/#primaryimage\"},\"datePublished\":\"2021-05-06T03:06:43+00:00\",\"dateModified\":\"2021-05-06T03:07:41+00:00\",\"breadcrumb\":{\"@id\":\"https:\/\/redstarvn.com\/vn\/thanh-nep-goc-chu-v\/#breadcrumb\"},\"inLanguage\":\"vi\",\"potentialAction\":[{\"@type\":\"ReadAction\",\"target\":[\"https:\/\/redstarvn.com\/vn\/thanh-nep-goc-chu-v\/\"]}]},{\"@type\":\"BreadcrumbList\",\"@id\":\"https:\/\/redstarvn.com\/vn\/thanh-nep-goc-chu-v\/#breadcrumb\",\"itemListElement\":[{\"@type\":\"ListItem\",\"position\":1,\"item\":{\"@type\":\"WebPage\",\"@id\":\"https:\/\/redstarvn.com\/vn\/\",\"url\":\"https:\/\/redstarvn.com\/vn\/\",\"name\":\"Trang ch\\u1ee7\"}},{\"@type\":\"ListItem\",\"position\":2,\"item\":{\"@type\":\"WebPage\",\"@id\":\"https:\/\/redstarvn.com\/vn\/shop\/\",\"url\":\"https:\/\/redstarvn.com\/vn\/shop\/\",\"name\":\"Shop\"}},{\"@type\":\"ListItem\",\"position\":3,\"item\":{\"@id\":\"https:\/\/redstarvn.com\/vn\/thanh-nep-goc-chu-v\/#webpage\"}}]}]}<\/script>\n<!-- \/ Yoast SEO plugin. -->","_links":{"self":[{"href":"https:\/\/redstarvn.com\/vn\/wp-json\/wp\/v2\/product\/1118"}],"collection":[{"href":"https:\/\/redstarvn.com\/vn\/wp-json\/wp\/v2\/product"}],"about":[{"href":"https:\/\/redstarvn.com\/vn\/wp-json\/wp\/v2\/types\/product"}],"replies":[{"embeddable":true,"href":"https:\/\/redstarvn.com\/vn\/wp-json\/wp\/v2\/comments?post=1118"}],"wp:featuredmedia":[{"embeddable":true,"href":"https:\/\/redstarvn.com\/vn\/wp-json\/wp\/v2\/media\/1120"}],"wp:attachment":[{"href":"https:\/\/redstarvn.com\/vn\/wp-json\/wp\/v2\/media?parent=1118"}],"curies":[{"name":"wp","href":"https:\/\/api.w.org\/{rel}","templated":true}]}}