{"id":1165,"date":"2021-05-06T09:00:26","date_gmt":"2021-05-06T09:00:26","guid":{"rendered":"https:\/\/redstarvn.com\/?post_type=product&#038;p=1165"},"modified":"2024-11-11T05:01:00","modified_gmt":"2024-11-11T05:01:00","slug":"tui-giay-co-qoai","status":"publish","type":"product","link":"https:\/\/redstarvn.com\/vn\/tui-giay-co-qoai\/","title":{"rendered":"T\u00fai gi\u1ea5y c\u00f3 qoai"},"content":{"rendered":"<p><strong>T\u00fai gi\u1ea5y c\u00f3 qoai hay t\u00fai gi\u1ea5y Kraft c\u00f3 qoai ph\u1ed5 bi\u1ebfn nh\u1ea5t hi\u1ec7n nay l\u00e0:<\/strong><\/p>\n<p>1- T\u00fai gi\u1ea5y Kraft c\u00f3 quai xo\u1eafn b\u1ea3n ch\u1ea5t l\u00e0 t\u00fai gi\u1ea5y SOS \u0111\u01b0\u1ee3c d\u00e1n th\u00eam quai xo\u1eafn \u0111\u01b0\u01a1ng nhi\u00ean qoai c\u0169ng \u0111\u01b0\u1ee3c l\u00e0m t\u1eeb gi\u1ea5y xo\u1eafn l\u1ea1i v\u00e0 si\u00eau dai \u0111\u1ec3 \u0111\u1ea3m b\u1ea3o \u0111\u1ed9 ch\u1eafc, \u0111\u1ed9 b\u1ec1n theo y\u00eau c\u1ea7u c\u1ee7a kh\u00e1ch h\u00e0ng.<\/p>\n<p>2- T\u00fai gi\u1ea5y Kraft c\u00f3 quai ph\u1eb3ng b\u1ea3n ch\u1ea5t l\u00e0 t\u00fai gi\u1ea5y SOS \u0111\u01b0\u1ee3c d\u00e1n th\u00eam quai ph\u1eb3ng. Quai \u0111\u01b0\u1ee3c g\u1eadp t\u1eeb nhi\u1ec1u l\u1edbp gi\u1ea5y r\u1ea5t ch\u1eafc kh\u1ecfe v\u00e0 b\u1ec1n mang t\u00ednh th\u1ea9m m\u1ef9 cao.<\/p>\n<p>\u1ee8ng d\u1ee5ng: Ch\u1ee7 y\u1ebfu cho c\u00e1c nh\u00e3n hi\u1ec7u ri\u00eang, doanh nghi\u1ec7p, Si\u00eau th\u1ecb, c\u1eeda h\u00e0ng qu\u00e0 t\u1eb7ng&#8230;..<\/p>\n<p>=================================================<\/p>\n<h4><strong><span style=\"color: #000000;\">C\u00d4NG TY TNHH C\u00d4NG NGHI\u1ec6P SAO \u0110\u1ece VI\u1ec6T NAM<\/span><\/strong><\/h4>\n<p><span style=\"color: #000000;\">\u0110\u1ecba ch\u1ec9: \u0110\u01b0\u1eddng D2 &#8211; Khu D &#8211; Khu c\u00f4ng nghi\u1ec7p Ph\u1ed1 N\u1ed1i A &#8211; X\u00e3 L\u1ea1c H\u1ed3ng &#8211; Huy\u1ec7n V\u0103n L\u00e2m &#8211; H\u01b0ng Y\u00ean- Vietnam<\/span><\/p>\n<p><span style=\"color: #000000;\">\u0110i\u1ec7n tho\u1ea1i: <span style=\"color: #ff0000;\"><strong>093 6464 222<\/strong><\/span><\/span><\/p>\n<p><span style=\"color: #000000;\">Email: info@redstarvn.com\/vn<\/span><\/p>\n<p><span style=\"color: #000000;\">Website: redstarvn.com\/vn<\/span><\/p>\n","protected":false},"excerpt":{"rendered":"<p>T\u00fai gi\u1ea5y c\u00f3 qoai hay t\u00fai gi\u1ea5y Kraft c\u00f3 qoai ph\u1ed5 bi\u1ebfn nh\u1ea5t hi\u1ec7n nay l\u00e0: 1- T\u00fai gi\u1ea5y Kraft c\u00f3 quai xo\u1eafn b\u1ea3n ch\u1ea5t l\u00e0 t\u00fai gi\u1ea5y SOS \u0111\u01b0\u1ee3c d\u00e1n th\u00eam quai xo\u1eafn \u0111\u01b0\u01a1ng nhi\u00ean qoai c\u0169ng \u0111\u01b0\u1ee3c l\u00e0m t\u1eeb gi\u1ea5y xo\u1eafn l\u1ea1i v\u00e0 si\u00eau dai \u0111\u1ec3 \u0111\u1ea3m b\u1ea3o \u0111\u1ed9 ch\u1eafc, \u0111\u1ed9 b\u1ec1n theo&#8230;<\/p>\n","protected":false},"featured_media":1327,"comment_status":"open","ping_status":"closed","template":"","meta":[],"yoast_head":"<!-- This site is optimized with the Yoast SEO plugin v16.3 - https:\/\/yoast.com\/wordpress\/plugins\/seo\/ -->\n<title>T\u00fai gi\u1ea5y c\u00f3 qoai - RED STARVN<\/title>\n<meta name=\"robots\" content=\"index, follow, max-snippet:-1, max-image-preview:large, max-video-preview:-1\" \/>\n<link rel=\"canonical\" href=\"https:\/\/redstarvn.com\/vn\/tui-giay-co-qoai\/\" \/>\n<meta property=\"og:locale\" content=\"vi_VN\" \/>\n<meta property=\"og:type\" content=\"article\" \/>\n<meta property=\"og:title\" content=\"T\u00fai gi\u1ea5y c\u00f3 qoai - RED STARVN\" \/>\n<meta property=\"og:description\" content=\"T\u00fai gi\u1ea5y c\u00f3 qoai hay t\u00fai gi\u1ea5y Kraft c\u00f3 qoai ph\u1ed5 bi\u1ebfn nh\u1ea5t hi\u1ec7n nay l\u00e0: 1- T\u00fai gi\u1ea5y Kraft c\u00f3 quai xo\u1eafn b\u1ea3n ch\u1ea5t l\u00e0 t\u00fai gi\u1ea5y SOS \u0111\u01b0\u1ee3c d\u00e1n th\u00eam quai xo\u1eafn \u0111\u01b0\u01a1ng nhi\u00ean qoai c\u0169ng \u0111\u01b0\u1ee3c l\u00e0m t\u1eeb gi\u1ea5y xo\u1eafn l\u1ea1i v\u00e0 si\u00eau dai \u0111\u1ec3 \u0111\u1ea3m b\u1ea3o \u0111\u1ed9 ch\u1eafc, \u0111\u1ed9 b\u1ec1n theo...\" \/>\n<meta property=\"og:url\" content=\"https:\/\/redstarvn.com\/vn\/tui-giay-co-qoai\/\" \/>\n<meta property=\"og:site_name\" content=\"RED STARVN\" \/>\n<meta property=\"article:modified_time\" content=\"2024-11-11T05:01:00+00:00\" \/>\n<meta property=\"og:image\" content=\"https:\/\/redstarvn.com\/vn\/wp-content\/uploads\/2021\/05\/Kich-thuoc-tui-co-qoai-2.jpg\" \/>\n\t<meta property=\"og:image:width\" content=\"800\" \/>\n\t<meta property=\"og:image:height\" content=\"800\" \/>\n<meta name=\"twitter:card\" content=\"summary_large_image\" \/>\n<meta name=\"twitter:label1\" content=\"\u01af\u1edbc t\u00ednh th\u1eddi gian \u0111\u1ecdc\">\n\t<meta name=\"twitter:data1\" content=\"1 ph\u00fat\">\n<script type=\"application\/ld+json\" class=\"yoast-schema-graph\">{\"@context\":\"https:\/\/schema.org\",\"@graph\":[{\"@type\":\"WebSite\",\"@id\":\"https:\/\/redstarvn.com\/vn\/#website\",\"url\":\"https:\/\/redstarvn.com\/vn\/\",\"name\":\"RED STARVN\",\"description\":\"M\\u1ed9t trang web m\\u1edbi s\\u1eed d\\u1ee5ng WordPress\",\"potentialAction\":[{\"@type\":\"SearchAction\",\"target\":\"https:\/\/redstarvn.com\/vn\/?s={search_term_string}\",\"query-input\":\"required name=search_term_string\"}],\"inLanguage\":\"vi\"},{\"@type\":\"ImageObject\",\"@id\":\"https:\/\/redstarvn.com\/vn\/tui-giay-co-qoai\/#primaryimage\",\"inLanguage\":\"vi\",\"url\":\"https:\/\/redstarvn.com\/vn\/wp-content\/uploads\/2021\/05\/Kich-thuoc-tui-co-qoai-2.jpg\",\"contentUrl\":\"https:\/\/redstarvn.com\/vn\/wp-content\/uploads\/2021\/05\/Kich-thuoc-tui-co-qoai-2.jpg\",\"width\":800,\"height\":800},{\"@type\":\"WebPage\",\"@id\":\"https:\/\/redstarvn.com\/vn\/tui-giay-co-qoai\/#webpage\",\"url\":\"https:\/\/redstarvn.com\/vn\/tui-giay-co-qoai\/\",\"name\":\"T\\u00fai gi\\u1ea5y c\\u00f3 qoai - RED STARVN\",\"isPartOf\":{\"@id\":\"https:\/\/redstarvn.com\/vn\/#website\"},\"primaryImageOfPage\":{\"@id\":\"https:\/\/redstarvn.com\/vn\/tui-giay-co-qoai\/#primaryimage\"},\"datePublished\":\"2021-05-06T09:00:26+00:00\",\"dateModified\":\"2024-11-11T05:01:00+00:00\",\"breadcrumb\":{\"@id\":\"https:\/\/redstarvn.com\/vn\/tui-giay-co-qoai\/#breadcrumb\"},\"inLanguage\":\"vi\",\"potentialAction\":[{\"@type\":\"ReadAction\",\"target\":[\"https:\/\/redstarvn.com\/vn\/tui-giay-co-qoai\/\"]}]},{\"@type\":\"BreadcrumbList\",\"@id\":\"https:\/\/redstarvn.com\/vn\/tui-giay-co-qoai\/#breadcrumb\",\"itemListElement\":[{\"@type\":\"ListItem\",\"position\":1,\"item\":{\"@type\":\"WebPage\",\"@id\":\"https:\/\/redstarvn.com\/vn\/\",\"url\":\"https:\/\/redstarvn.com\/vn\/\",\"name\":\"Trang ch\\u1ee7\"}},{\"@type\":\"ListItem\",\"position\":2,\"item\":{\"@type\":\"WebPage\",\"@id\":\"https:\/\/redstarvn.com\/vn\/shop\/\",\"url\":\"https:\/\/redstarvn.com\/vn\/shop\/\",\"name\":\"Shop\"}},{\"@type\":\"ListItem\",\"position\":3,\"item\":{\"@id\":\"https:\/\/redstarvn.com\/vn\/tui-giay-co-qoai\/#webpage\"}}]}]}<\/script>\n<!-- \/ Yoast SEO plugin. -->","_links":{"self":[{"href":"https:\/\/redstarvn.com\/vn\/wp-json\/wp\/v2\/product\/1165"}],"collection":[{"href":"https:\/\/redstarvn.com\/vn\/wp-json\/wp\/v2\/product"}],"about":[{"href":"https:\/\/redstarvn.com\/vn\/wp-json\/wp\/v2\/types\/product"}],"replies":[{"embeddable":true,"href":"https:\/\/redstarvn.com\/vn\/wp-json\/wp\/v2\/comments?post=1165"}],"wp:featuredmedia":[{"embeddable":true,"href":"https:\/\/redstarvn.com\/vn\/wp-json\/wp\/v2\/media\/1327"}],"wp:attachment":[{"href":"https:\/\/redstarvn.com\/vn\/wp-json\/wp\/v2\/media?parent=1165"}],"curies":[{"name":"wp","href":"https:\/\/api.w.org\/{rel}","templated":true}]}}